{"id":3,"date":"2019-08-20T19:42:09","date_gmt":"2019-08-20T17:42:09","guid":{"rendered":"https:\/\/www.tuvisitaguiada.com\/prueba\/?page_id=3"},"modified":"2021-01-03T12:47:07","modified_gmt":"2021-01-03T11:47:07","slug":"politica-cookies","status":"publish","type":"page","link":"https:\/\/tuvisitaguiada.com\/prueba\/politica-cookies\/","title":{"rendered":"Pol\u00edtica de Cookies"},"content":{"rendered":"\n<div class=\"wp-block-image\"><figure class=\"aligncenter is-resized\"><img decoding=\"async\" src=\"https:\/\/tuvisitaguiada.com\/prueba\/wp-content\/uploads\/2019\/09\/cookies3.jpg\" alt=\"\" class=\"wp-image-1804\" width=\"724\" srcset=\"https:\/\/tuvisitaguiada.com\/prueba\/wp-content\/uploads\/2019\/09\/cookies3.jpg 724w, https:\/\/tuvisitaguiada.com\/prueba\/wp-content\/uploads\/2019\/09\/cookies3-300x112.jpg 300w, https:\/\/tuvisitaguiada.com\/prueba\/wp-content\/uploads\/2019\/09\/cookies3-696x260.jpg 696w\" sizes=\"(max-width: 724px) 100vw, 724px\" \/><\/figure><\/div>\n\n\n\n<div style=\"height:40px\" aria-hidden=\"true\" class=\"wp-block-spacer\"><\/div>\n\n\n\n<p>En cumplimiento con lo dispuesto en el art\u00edculo 22.2 de la Ley  34\/2002, de 11 de julio, de Servicios de la Sociedad de la Informaci\u00f3n y de Comercio Electr\u00f3nico, esta p\u00e1gina web te informa, en esta secci\u00f3n, sobre la <strong>pol\u00edtica de recogida y tratamiento de cookies<\/strong>.<\/p>\n\n\n\n<h2 class=\"wp-block-heading\">\u00bfQu\u00e9 son las cookies?<\/h2>\n\n\n\n<p>Una cookie es un fichero que se  descarga en tu ordenador al&nbsp;acceder a determinadas p\u00e1ginas web. Las cookies permiten a una p\u00e1gina web,&nbsp;entre otras cosas, almacenar y  recuperar informaci\u00f3n sobre los h\u00e1bitos de&nbsp;navegaci\u00f3n de un usuario o de su equipo y, dependiendo de la informaci\u00f3n que&nbsp;contengan y de la forma en que utilice tu equipo, pueden utilizarse para&nbsp;reconocer al usuario.&nbsp;<\/p>\n\n\n\n<h2 class=\"wp-block-heading\">\u00bfQu\u00e9 tipos de cookies utiliza esta p\u00e1gina web?<\/h2>\n\n\n\n<p>Esta p\u00e1gina web utiliza los siguientes tipos de cookies:<\/p>\n\n\n\n<p><strong>Cookies de an\u00e1lisis<\/strong>:  Son aqu\u00e9llas que bien tratadas por nosotros o por&nbsp;terceros, nos  permiten cuantificar el n\u00famero de usuarios y as\u00ed realizar la&nbsp;medici\u00f3n y an\u00e1lisis estad\u00edstico de la utilizaci\u00f3n que hacen los usuarios del&nbsp;servicio ofertado. Para ello se analiza tu navegaci\u00f3n en nuestra p\u00e1gina web&nbsp;con el fin de mejorar la oferta de productos o servicios que  le ofrecemos.<\/p>\n\n\n\n<p><strong>Cookies t\u00e9cnicas<\/strong>:  Son aquellas que permiten al usuario la navegaci\u00f3n a trav\u00e9s del \u00e1rea  restringida y la utilizaci\u00f3n de sus diferentes funciones, como por ejemplo, llevar a cambio el proceso de compra de un art\u00edculo.<\/p>\n\n\n\n<p><strong>Cookies de personalizaci\u00f3n<\/strong>:  Son aquellas que permiten al usuario acceder al servicio con algunas caracter\u00edsticas de car\u00e1cter general predefinidas en funci\u00f3n de una serie de criterios en el terminal del usuario como por ejemplo serian el  idioma o el tipo de navegador a trav\u00e9s del cual se conecta al servicio.<\/p>\n\n\n\n<p><strong>Cookies publicitarias<\/strong>:  Son aqu\u00e9llas que, bien tratadas por esta web&nbsp;o por&nbsp;terceros, permiten  gestionar de la forma m\u00e1s eficaz posible la oferta de&nbsp;los espacios publicitarios que hay en la p\u00e1gina web, adecuando el contenido&nbsp;del anuncio al contenido del servicio solicitado o al uso que realice de nuestra&nbsp;p\u00e1gina web. Para ello podemos analizar tus h\u00e1bitos de navegaci\u00f3n en Internet&nbsp;y podemos mostrarte publicidad relacionada con tu perfil de navegaci\u00f3n.<\/p>\n\n\n\n<p><strong>Cookies de publicidad comportamental<\/strong>:  Son aquellas que permiten la gesti\u00f3n, de la forma m\u00e1s eficaz posible, de los espacios publicitarios que, en su caso, el editor haya incluido en una p\u00e1gina web, aplicaci\u00f3n o plataforma desde la que presta el  servicio solicitado. Este tipo de cookies almacenan informaci\u00f3n del comportamiento de los visitantes&nbsp;obtenida a trav\u00e9s de la observaci\u00f3n continuada de sus h\u00e1bitos de navegaci\u00f3n, lo que permite desarrollar un perfil espec\u00edfico para mostrar avisos publicitarios&nbsp;en funci\u00f3n del  mismo.<\/p>\n\n\n\n<h2 class=\"wp-block-heading\">Desactivar las cookies.<\/h2>\n\n\n\n<p>Puedes <strong>permitir, bloquear o eliminar las cookies<\/strong> instaladas en tu equipo&nbsp;mediante la configuraci\u00f3n de las opciones del navegador instalado en tu ordenador.<\/p>\n\n\n\n<p>En la mayor\u00eda de los navegadores web se ofrece la posibilidad de permitir, bloquear o eliminar las cookies instaladas en tu equipo.<\/p>\n\n\n\n<p>A continuaci\u00f3n puedes acceder a la configuraci\u00f3n de los navegadores webs m\u00e1s frecuentes para aceptar, instalar o desactivar las cookies:<\/p>\n\n\n\n<p><a href=\"https:\/\/support.google.com\/chrome\/answer\/95647?hl=es\" target=\"_blank\" rel=\"noreferrer noopener\">Configurar cookies en Google Chrome<\/a><\/p>\n\n\n\n<p><a href=\"http:\/\/windows.microsoft.com\/es-es\/windows7\/how-to-manage-cookies-in-internet-explorer-9\" target=\"_blank\" rel=\"noreferrer noopener\">Configurar cookies en Microsoft Internet Explorer<\/a><\/p>\n\n\n\n<p><a href=\"https:\/\/support.mozilla.org\/es\/kb\/habilitar-y-deshabilitar-cookies-sitios-web-rastrear-preferencias?redirectlocale=es&amp;redirectslug=habilitar-y-deshabilitar-cookies-que-los-sitios-we\" target=\"_blank\" rel=\"noreferrer noopener\">Configurar cookies en Mozilla Firefox<\/a><\/p>\n\n\n\n<p><a href=\"https:\/\/support.apple.com\/es-es\/HT201265\" target=\"_blank\" rel=\"noreferrer noopener\">Configurar cookies en Safari (Apple)<\/a><\/p>\n\n\n\n<h2 class=\"wp-block-heading\">Cookies de terceros.<\/h2>\n\n\n\n<p>Esta p\u00e1gina web utiliza&nbsp;servicios de terceros para recopilar informaci\u00f3n con fines estad\u00edsticos y de uso de la web. Se usan cookies de DoubleClick para mejorar la publicidad que se incluye en el sitio web. Son utilizadas para orientar la publicidad seg\u00fan el contenido que es relevante para un usuario, mejorando as\u00ed la calidad de experiencia en el uso del mismo.<\/p>\n\n\n\n<p>En concreto, usamos los servicios de Google Adsense y de Google Analytics para nuestras estad\u00edsticas y publicidad. Algunas cookies son esenciales para el funcionamiento del sitio, por ejemplo el buscador incorporado.<\/p>\n\n\n\n<p>Nuestro sitio incluye otras funcionalidades proporcionadas por terceros. Puedes f\u00e1cilmente compartir el contenido en redes sociales como Facebook, Twitter o Google +, con los botones que hemos incluido a tal efecto.<\/p>\n\n\n\n<h2 class=\"wp-block-heading\">Advertencia sobre eliminar&nbsp;cookies.<\/h2>\n\n\n\n<p>Puedes eliminar y bloquear todas las cookies de este sitio, pero parte del sitio no funcionar\u00e1 o la calidad de la p\u00e1gina web puede verse afectada.<\/p>\n\n\n\n<p>Si tienes cualquier duda acerca de&nbsp;nuestra pol\u00edtica de cookies, puedes contactar con esta p\u00e1gina web a trav\u00e9s de nuestros canales de <a href=\"https:\/\/tuvisitaguiada.com\/prueba\/pagina-de-contacto\/\" target=\"_blank\" rel=\"noreferrer noopener\" aria-label=\"Contacto (abre en una nueva pesta\u00f1a)\">Contacto<\/a>.<\/p>\n\n\n\n<h2 class=\"wp-block-heading\">Qu\u00e9 datos personales recogemos y por qu\u00e9 los recogemos<\/h2>\n\n\n\n<h3 class=\"wp-block-heading\">Comentarios<\/h3>\n\n\n\n<p>Cuando los visitantes dejan comentarios en la web, recopilamos los datos que se muestran en el formulario de comentarios, as\u00ed como la direcci\u00f3n IP del visitante y la cadena de agentes de usuario del navegador para ayudar a la detecci\u00f3n de spam.<\/p>\n\n\n\n<p>Una cadena an\u00f3nima creada a partir de tu direcci\u00f3n de correo electr\u00f3nico (tambi\u00e9n llamada hash) puede ser proporcionada al servicio de Gravatar para ver si la est\u00e1s usando. La pol\u00edtica de privacidad del servicio Gravatar est\u00e1 disponible aqu\u00ed: https:\/\/automattic.com\/privacy\/. Despu\u00e9s de la aprobaci\u00f3n de tu comentario, la imagen de tu perfil es visible para el p\u00fablico en el contexto de su comentario.<\/p>\n\n\n\n<h3 class=\"wp-block-heading\">Medios<\/h3>\n\n\n\n<p>Si subes im\u00e1genes a la web deber\u00edas evitar subir im\u00e1genes con datos de ubicaci\u00f3n (GPS EXIF) incluidos. Los visitantes de la web pueden descargar y extraer cualquier dato de localizaci\u00f3n de las im\u00e1genes de la web.<\/p>\n\n\n\n<h3 class=\"wp-block-heading\">Formularios de contacto<\/h3>\n\n\n\n<p>Si dejas un comentario en nuestro sitio puedes elegir guardar tu nombre, direcci\u00f3n de correo electr\u00f3nico y web en cookies. Esto es para tu comodidad, para que no tengas que volver a rellenar tus datos cuando dejes otro comentario. Estas cookies tendr\u00e1n una duraci\u00f3n de un a\u00f1o.<\/p>\n\n\n\n<p>Si tienes una cuenta y te conectas a este sitio, instalaremos una cookie temporal para determinar si tu navegador acepta cookies. Esta cookie no contiene datos personales y se elimina al cerrar el navegador.<\/p>\n\n\n\n<p>Cuando inicias sesi\u00f3n, tambi\u00e9n instalaremos varias cookies para guardar tu informaci\u00f3n de inicio de sesi\u00f3n y tus opciones de visualizaci\u00f3n de pantalla. Las cookies de inicio de sesi\u00f3n duran dos d\u00edas, y las cookies de opciones de pantalla duran un a\u00f1o. Si seleccionas \u00abRecordarme\u00bb, tu inicio de sesi\u00f3n perdurar\u00e1 durante dos semanas. Si sales de tu cuenta, las cookies de inicio de sesi\u00f3n se eliminar\u00e1n.<\/p>\n\n\n\n<p>Si editas o publicas un art\u00edculo se guardar\u00e1 una cookie adicional en tu navegador. Esta cookie no incluye datos personales y simplemente indica el ID del art\u00edculo que acabas de editar. Caduca despu\u00e9s de 1 d\u00eda.<\/p>\n\n\n\n<h3 class=\"wp-block-heading\">Contenido incrustado de otros sitios web<\/h3>\n\n\n\n<p>Los art\u00edculos de este sitio pueden incluir contenido incrustado (por ejemplo, v\u00eddeos, im\u00e1genes, art\u00edculos, etc.). El contenido incrustado de otras web se comporta exactamente de la misma manera que si el visitante hubiera visitado la otra web.<\/p>\n\n\n\n<p>Estas web pueden recopilar datos sobre ti, utilizar cookies, incrustar un seguimiento adicional de terceros, y supervisar tu interacci\u00f3n con ese contenido incrustado, incluido el seguimiento de tu interacci\u00f3n con el contenido incrustado si tienes una cuenta y est\u00e1s conectado a esa web.<\/p>\n\n\n\n<h2 class=\"wp-block-heading\">Cu\u00e1nto tiempo conservamos tus datos<\/h2>\n\n\n\n<p>Si dejas un comentario, el comentario y sus metadatos se conservan indefinidamente. Esto es para que podamos reconocer y aprobar comentarios sucesivos autom\u00e1ticamente en lugar de mantenerlos en una cola de moderaci\u00f3n.<\/p>\n\n\n\n<p>De los usuarios que se registran en nuestra web (si los hay), tambi\u00e9n almacenamos la informaci\u00f3n personal que proporcionan en su perfil de usuario. Todos los usuarios pueden ver, editar o eliminar su informaci\u00f3n personal en cualquier momento (excepto que no pueden cambiar su nombre de usuario). Los administradores de la web tambi\u00e9n pueden ver y editar esa informaci\u00f3n.<\/p>\n\n\n\n<h2 class=\"wp-block-heading\">Qu\u00e9 derechos tienes sobre tus datos<\/h2>\n\n\n\n<p>Si tienes una cuenta o has dejado comentarios en esta web, puedes solicitar recibir un archivo de exportaci\u00f3n de los datos personales que tenemos sobre ti, incluyendo cualquier dato que nos hayas proporcionado. Tambi\u00e9n puedes solicitar que eliminemos cualquier dato personal que tengamos sobre ti. Esto no incluye ning\u00fan dato que estemos obligados a conservar con fines administrativos, legales o de seguridad.<\/p>\n\n\n\n<h2 class=\"wp-block-heading\">D\u00f3nde enviamos tus datos<\/h2>\n\n\n\n<p>Los comentarios de los visitantes puede que los revise un servicio de detecci\u00f3n autom\u00e1tica de spam.<\/p>\n\n\n\n<h2 class=\"wp-block-heading\">M\u00e1s informaci\u00f3n<\/h2>\n\n\n\n<p>Si <g class=\"gr_ gr_41 gr-alert gr_spell gr_inline_cards gr_run_anim ContextualSpelling ins-del multiReplace\" id=\"41\" data-gr-id=\"41\">quieres<\/g> saber m\u00e1s <g class=\"gr_ gr_42 gr-alert gr_spell gr_inline_cards gr_run_anim ContextualSpelling ins-del multiReplace\" id=\"42\" data-gr-id=\"42\">puedes<\/g> <g class=\"gr_ gr_43 gr-alert gr_spell gr_inline_cards gr_run_anim ContextualSpelling\" id=\"43\" data-gr-id=\"43\">visitar<\/g>:<\/p>\n\n\n\n<ul class=\"wp-block-list\"><li><a href=\"https:\/\/tuvisitaguiada.com\/prueba\/aviso-legal\/\" target=\"_blank\" rel=\"noreferrer noopener\" aria-label=\"Aviso Legal (abre en una nueva pesta\u00f1a)\">Aviso Legal<\/a><\/li><\/ul>\n\n\n\n<ul class=\"wp-block-list\"><li><a rel=\"noreferrer noopener\" aria-label=\"Pol\u00edtica de Privacidad (abre en una nueva pesta\u00f1a)\" href=\"https:\/\/tuvisitaguiada.com\/prueba\/politica-de-privacidad\/\" target=\"_blank\">Pol\u00edtica de Privacidad<\/a><\/li><\/ul>\n\n\n\n<ul class=\"wp-block-list\"><li><a href=\"https:\/\/tuvisitaguiada.com\/prueba\/condiciones-generales-de-uso\/\" target=\"_blank\" rel=\"noreferrer noopener\" aria-label=\" (se abre en una nueva pesta\u00f1a)\">Condiciones Generales de Uso<\/a><\/li><\/ul>\n\n\n\n<p><\/p>\n","protected":false},"excerpt":{"rendered":"<p>En cumplimiento con lo dispuesto en el art\u00edculo 22.2 de la Ley 34\/2002, de 11 de julio, de Servicios de la Sociedad de la Informaci\u00f3n y de Comercio Electr\u00f3nico, esta p\u00e1gina web te informa, en esta secci\u00f3n, sobre la pol\u00edtica de recogida y tratamiento de cookies. \u00bfQu\u00e9 son las cookies? Una cookie es un fichero [&hellip;]<\/p>\n","protected":false},"author":1,"featured_media":1804,"parent":0,"menu_order":0,"comment_status":"closed","ping_status":"closed","template":"","meta":{"footnotes":""},"class_list":["post-3","page","type-page","status-publish","has-post-thumbnail"],"_links":{"self":[{"href":"https:\/\/tuvisitaguiada.com\/prueba\/wp-json\/wp\/v2\/pages\/3","targetHints":{"allow":["GET"]}}],"collection":[{"href":"https:\/\/tuvisitaguiada.com\/prueba\/wp-json\/wp\/v2\/pages"}],"about":[{"href":"https:\/\/tuvisitaguiada.com\/prueba\/wp-json\/wp\/v2\/types\/page"}],"author":[{"embeddable":true,"href":"https:\/\/tuvisitaguiada.com\/prueba\/wp-json\/wp\/v2\/users\/1"}],"replies":[{"embeddable":true,"href":"https:\/\/tuvisitaguiada.com\/prueba\/wp-json\/wp\/v2\/comments?post=3"}],"version-history":[{"count":39,"href":"https:\/\/tuvisitaguiada.com\/prueba\/wp-json\/wp\/v2\/pages\/3\/revisions"}],"predecessor-version":[{"id":6013,"href":"https:\/\/tuvisitaguiada.com\/prueba\/wp-json\/wp\/v2\/pages\/3\/revisions\/6013"}],"wp:featuredmedia":[{"embeddable":true,"href":"https:\/\/tuvisitaguiada.com\/prueba\/wp-json\/wp\/v2\/media\/1804"}],"wp:attachment":[{"href":"https:\/\/tuvisitaguiada.com\/prueba\/wp-json\/wp\/v2\/media?parent=3"}],"curies":[{"name":"wp","href":"https:\/\/api.w.org\/{rel}","templated":true}]}}